
{"id":11,"date":"2023-03-14T09:47:11","date_gmt":"2023-03-14T01:47:11","guid":{"rendered":"http:\/\/tfcomposite.com\/?page_id=11"},"modified":"2023-05-04T17:10:26","modified_gmt":"2023-05-04T09:10:26","slug":"privacy","status":"publish","type":"page","link":"https:\/\/www.tfcomposite.com\/pt\/privacidade","title":{"rendered":"privacidade"},"content":{"rendered":"<article>A privacidade e a seguran\u00e7a de suas informa\u00e7\u00f5es s\u00e3o muito importantes para n\u00f3s.<br \/>\nPor favor, veja a pol\u00edtica de privacidade completa abaixo para saber mais.<\/p>\n<ol>\n<li>Introdu\u00e7\u00e3o<\/li>\n<\/ol>\n<p>Esta pol\u00edtica de privacidade explica como nossa empresa e suas afiliadas coletam e usam suas informa\u00e7\u00f5es. Nossa pol\u00edtica de privacidade se aplica a todas as pessoas que visitam e usam nosso site, nossa empresa e servi\u00e7os online, e os sites e servi\u00e7os online fornecidos por nossos membros (referidos coletivamente como \u201csites\u201d). Empresas coligadas s\u00e3o entidades direta ou indiretamente detidas por nossa empresa, ou entidades controladas ou controladas em conjunto por nossa empresa. As refer\u00eancias a \u201csa\u00fade b\u00e1sica\u201d, \u201cn\u00f3s\u201d, \u201cnosso\u201d ou \u201cn\u00f3s\u201d nesta pol\u00edtica de privacidade referem-se \u00e0 entidade respons\u00e1vel pela recolha e utiliza\u00e7\u00e3o dos seus dados pessoais, normalmente a entidade que obt\u00e9m os seus dados pessoais em cada caso ao abrigo. Essa entidade tamb\u00e9m \u00e9 chamada de controlador de dados. Esta pol\u00edtica de privacidade n\u00e3o cobre os sites e servi\u00e7os online operados por nossa empresa ou nossas empresas afiliadas. Esses sites e servi\u00e7os online t\u00eam pol\u00edticas de privacidade separadas e n\u00e3o est\u00e3o vinculados a esta pol\u00edtica de privacidade ou mesclados por refer\u00eancia. Diferentes pol\u00edticas de privacidade tamb\u00e9m podem se aplicar a outras partes do nosso site, como \u00e1reas protegidas por senha ou p\u00e1ginas da web usadas para recrutamento online. Nossa pol\u00edtica de privacidade se aplica apenas \u00e0s atividades que realizamos neste site e n\u00e3o se aplica a atividades \u201coff-line\u201d ou n\u00e3o relacionadas a este site. Esta pol\u00edtica de privacidade foi incorporada aos nossos termos e condi\u00e7\u00f5es, e o mesmo se aplica quando voc\u00ea usa nosso site. Ao utilizar este website e fornecer os seus dados pessoais e outras informa\u00e7\u00f5es atrav\u00e9s deste website, reconhece que os seus dados pessoais ser\u00e3o tratados de acordo com os termos desta pol\u00edtica de privacidade. Caso n\u00e3o concorde com as pr\u00e1ticas descritas nesta pol\u00edtica de privacidade, n\u00e3o nos forne\u00e7a os seus dados pessoais nem interaja com o website de outras formas. Reservamo-nos o direito de modificar esta pol\u00edtica de privacidade a qualquer momento. Se fizermos altera\u00e7\u00f5es importantes em nossa pol\u00edtica de privacidade, forneceremos um aviso neste site antes que as altera\u00e7\u00f5es entrem em vigor. Voc\u00ea pode determinar a \u00faltima data de revis\u00e3o desta pol\u00edtica de privacidade consultando a data da \u201c\u00faltima atualiza\u00e7\u00e3o\u201d acima. Voc\u00ea pode ver a vers\u00e3o mais recente desta pol\u00edtica de privacidade. Recomendamos que voc\u00ea verifique regularmente a pol\u00edtica de privacidade para quaisquer altera\u00e7\u00f5es.<\/p>\n<p>&nbsp;<\/p>\n<ol start=\"2\">\n<li>Que dados pessoais recolhemos sobre si?<\/li>\n<\/ol>\n<p>Os dados pessoais usados nesta pol\u00edtica de privacidade referem-se a qualquer informa\u00e7\u00e3o relacionada a um indiv\u00edduo identificado ou identific\u00e1vel, ou conforme definido pelas leis aplic\u00e1veis. Quando visita o nosso website e interage voluntariamente com o mesmo, recolhemos os seguintes dados pessoais:<br \/>\nSeu nome e sobrenome;<br \/>\nNome da empresa;<br \/>\nEndere\u00e7o de Protocolo de Internet (IP);<br \/>\nInforma\u00e7\u00f5es de contato (por exemplo, n\u00famero de telefone, endere\u00e7o de e-mail);<br \/>\nou, Outras informa\u00e7\u00f5es que voc\u00ea fornecer voluntariamente.<\/p>\n<p>&nbsp;<\/p>\n<ol start=\"3\">\n<li>Quando coletamos dados pessoais sobre voc\u00ea?<\/li>\n<\/ol>\n<p>A menos que voc\u00ea escolha voluntariamente divulgar tais informa\u00e7\u00f5es, nossa empresa n\u00e3o coletar\u00e1 nenhum dado pessoal seu por meio deste site. Podemos solicitar que voc\u00ea forne\u00e7a determinados dados pessoais em diferentes momentos e locais no site. Em alguns casos, se optar por n\u00e3o nos fornecer os dados pessoais solicitados, poder\u00e1 n\u00e3o conseguir aceder a todo o conte\u00fado deste website ou participar em todas as suas fun\u00e7\u00f5es. Por exemplo, podemos coletar seus dados pessoais quando voc\u00ea executa as seguintes a\u00e7\u00f5es:<br \/>\nComprar produtos da nossa empresa atrav\u00e9s do nosso site;<br \/>\nAbra ou responda ao nosso e-mail;<br \/>\nQuando voc\u00ea nos fornece informa\u00e7\u00f5es voluntariamente por meio de pesquisas com clientes, podemos vincul\u00e1-las aos dados pessoais que coletamos anteriormente sobre voc\u00ea;<br \/>\nEntre em contato com o atendimento ao cliente, use nossa fun\u00e7\u00e3o \u201cconectar\u201d para falar com os representantes de nossa empresa ou use nossas ferramentas de suporte ao cliente;<br \/>\nConectar, vincular ou \u201ccompartilhar\u201d nosso site por meio de sites de redes sociais;<br \/>\nSe voc\u00ea nos fornecer dados pessoais de terceiros, isso significa que voc\u00ea notificou o terceiro e foi autorizado pelo terceiro a fornecer tais informa\u00e7\u00f5es.<\/p>\n<p>&nbsp;<\/p>\n<ol start=\"4\">\n<li>Como usamos os dados pessoais?<\/li>\n<\/ol>\n<p>A nossa empresa utiliza os dados pessoais que recolhemos para lhe prestar servi\u00e7os ou celebrar um acordo contratual consigo quando visita o nosso website. Isso inclui:<br \/>\nCrie uma conta de site online para voc\u00ea de acordo com suas necessidades;<br \/>\nFornecer atendimento ao cliente (por exemplo, responder \u00e0s suas perguntas ou responder a solicita\u00e7\u00f5es);<br \/>\nEnviar lembretes, atualiza\u00e7\u00f5es, suporte, mensagens de gerenciamento, an\u00fancios de servi\u00e7o e informa\u00e7\u00f5es solicitadas;<br \/>\nUsaremos dados pessoais obtidos por terceiros ou por n\u00f3s por motivos comerciais leg\u00edtimos, desde que os dados sejam compat\u00edveis com seus direitos e expectativas de privacidade. Isso inclui:<br \/>\nOperar, manter e melhorar este site, nossos servi\u00e7os e nossos produtos;<br \/>\nRealizar an\u00e1lises e conduzir pesquisas de clientes;<br \/>\nVerifique sua capacidade de acessar ou usar determinados produtos ou servi\u00e7os que est\u00e3o dispon\u00edveis apenas para indiv\u00edduos que atendem a determinados requisitos ou padr\u00f5es de qualifica\u00e7\u00e3o, como profissionais de sa\u00fade;<br \/>\nPermitir que voc\u00ea interaja com determinados provedores de servi\u00e7os de conte\u00fado de terceiros (por exemplo, para permitir que voc\u00ea vincule ou visualize conte\u00fado de sites de terceiros neste site ou visualize nosso conte\u00fado em sites de terceiros);<br \/>\nPermitir que voc\u00ea escolha participar dos recursos interativos do nosso site;<br \/>\nGerenciar pesquisas on-line ou ofertas especiais fornecidas por n\u00f3s ou por meio de nossos parceiros comerciais terceirizados;<br \/>\nMelhorar nosso site, atendimento ao cliente, produtos e servi\u00e7os e experi\u00eancia geral do usu\u00e1rio;<br \/>\nAprimorar outras informa\u00e7\u00f5es que temos sobre voc\u00ea para nos ajudar a entend\u00ea-lo melhor e determinar seus interesses;<br \/>\nDeterminar suas prefer\u00eancias para que possamos notific\u00e1-lo sobre novos produtos ou outros produtos, servi\u00e7os e promo\u00e7\u00f5es que possam ser de seu interesse;<br \/>\nA nossa empresa tamb\u00e9m tem uma base legal para usar seus dados pessoais:<br \/>\nPara evitar fraudes, seguran\u00e7a p\u00fablica e fazer cumprir as obriga\u00e7\u00f5es e termos e condi\u00e7\u00f5es de relat\u00f3rios de nossa empresa e cumprir leis, regulamentos, ordens judiciais, intima\u00e7\u00f5es ou outros procedimentos legais.<br \/>\nQuando exigido por lei, tamb\u00e9m podemos usar as informa\u00e7\u00f5es coletadas de acordo com esta pol\u00edtica de privacidade com o seu consentimento &quot;opt-in&quot; para fornecer a voc\u00ea bens ou servi\u00e7os que acreditamos ser de seu interesse.<\/p>\n<p>&nbsp;<\/p>\n<ol start=\"5\">\n<li>Como lidar com dados pessoais sens\u00edveis?<\/li>\n<\/ol>\n<p>Os dados pessoais sens\u00edveis utilizados na pol\u00edtica de privacidade (tamb\u00e9m referidos como \u201ccategorias especiais de dados pessoais\u201d) referem-se a dados relacionados com a sua ra\u00e7a ou etnia, opini\u00f5es pol\u00edticas, religi\u00e3o ou outras cren\u00e7as, sa\u00fade, caracter\u00edsticas gen\u00e9ticas ou biol\u00f3gicas, vida sexual, ou sexualidade. Informa\u00e7\u00f5es sobre orienta\u00e7\u00e3o, antecedentes criminais ou filia\u00e7\u00e3o sindical. A nossa empresa apenas recolhe dados pessoais sens\u00edveis nas seguintes circunst\u00e2ncias limitadas:<br \/>\nCom o seu consentimento expl\u00edcito;<br \/>\nProteger os seus interesses vitais ou de terceiros se n\u00e3o puder concordar f\u00edsica ou legalmente;<br \/>\nSe o tratamento for necess\u00e1rio para fins m\u00e9dicos preventivos ou ocupacionais, prestar assist\u00eancia ou tratamento de sa\u00fade ou social ou gerir sistemas e servi\u00e7os de sa\u00fade ou assist\u00eancia social em conformidade com a legisla\u00e7\u00e3o da Uni\u00e3o ou dos Estados-Membros ou em conformidade com contratos celebrados com profissionais de sa\u00fade; ou usado para estabelecer, exercer ou defender reivindica\u00e7\u00f5es legais, ou na medida permitida e exigida pelas leis aplic\u00e1veis.<br \/>\nA menos que exigido pelas leis aplic\u00e1veis, voc\u00ea n\u00e3o precisa nos fornecer nenhum dado pessoal sens\u00edvel ao usar nosso site. Se optar por n\u00e3o o fazer, a sua decis\u00e3o n\u00e3o o impedir\u00e1 de utilizar o nosso website.<\/p>\n<p>&nbsp;<\/p>\n<ol start=\"6\">\n<li>Que outras informa\u00e7\u00f5es coletamos?<\/li>\n<\/ol>\n<p>Como muitos outros sites, quando voc\u00ea navega e interage com nosso site, podemos usar a tecnologia de coleta autom\u00e1tica para coletar certas informa\u00e7\u00f5es sobre seu dispositivo, opera\u00e7\u00f5es de navega\u00e7\u00e3o e padr\u00f5es, incluindo:<br \/>\nOs detalhes de sua visita ao nosso site, incluindo os recursos que voc\u00ea visita e usa em nosso site, dados de tr\u00e1fego, dados de localiza\u00e7\u00e3o, logs, idioma;<br \/>\nData e hora de acesso, frequ\u00eancia e outros dados de comunica\u00e7\u00e3o;<br \/>\nInforma\u00e7\u00f5es sobre o computador e a conex\u00e3o com a Internet, incluindo sistema operacional, dom\u00ednio do host e tipo de navegador (como o Internet Explorer); ou<br \/>\nDetalhes do site recomendado (URL).<br \/>\nAs informa\u00e7\u00f5es que coletamos automaticamente s\u00e3o dados estat\u00edsticos que podem nos ajudar a melhorar nosso site e fornecer servi\u00e7os melhores e mais personalizados, inclusive nos permitindo:<br \/>\nDeterminar os padr\u00f5es de tr\u00e1fego do site;<br \/>\nConte o n\u00famero de visitas ao site;<br \/>\nIdentificar a origem do tr\u00e1fego para que possamos medir e melhorar o desempenho do website;<br \/>\nCompartilhar ou vender tais informa\u00e7\u00f5es a terceiros;<br \/>\nAjude-nos a entender quais p\u00e1ginas e conte\u00fados s\u00e3o os mais populares e os menos populares; e<br \/>\nDetermine a frequ\u00eancia e a \u00faltima data da sua visita ao nosso site.<\/p>\n<p>&nbsp;<\/p>\n<ol start=\"7\">\n<li>Cookies e outras tecnologias<\/li>\n<\/ol>\n<p>Quando voc\u00ea visita nosso site ou interage com nossos e-mails, usamos cookies, web beacons\/pixel tags e outras tecnologias (referidos coletivamente como \u201ccookies\u201d) para identific\u00e1-lo. \u201cCookies\u201d s\u00e3o pequenas quantidades de dados armazenados em cache ou armazenados em um computador com base na atividade da Internet. Esses cookies podem ser transmitidos no contexto de um primeiro ou terceiro. Por exemplo, podemos coletar informa\u00e7\u00f5es sobre o tipo e vers\u00e3o do seu navegador, sistema operacional, idioma do usu\u00e1rio, ISP, p\u00e1ginas da web visualizadas, links clicados, endere\u00e7o IP, se existe um plug-in \u201cFlash\u201d, resolu\u00e7\u00e3o da tela e informa\u00e7\u00f5es de conex\u00e3o. Tipos, sites visitados antes e depois de visitar nosso site, informa\u00e7\u00f5es detalhadas sobre os produtos adquiridos e e-mails que voc\u00ea envia, encaminha ou clica para entrar em nosso site. Ao coletar essas informa\u00e7\u00f5es, podemos entender melhor como voc\u00ea interage com nosso site; fornecer a voc\u00ea uma experi\u00eancia online mais personalizada e otimizada, rastreando suas prefer\u00eancias; melhorar nosso site; realizar contratos com nossos parceiros de neg\u00f3cios; ajuda Confirme o recebimento e responda ao nosso e-mail; e fornecer um atendimento ao cliente mais eficaz. Para obter mais informa\u00e7\u00f5es sobre os cookies que coletamos e como desativ\u00e1-los, visite nossa Pol\u00edtica de Cookies e a se\u00e7\u00e3o 9 abaixo. Plug-ins de m\u00eddia social. Nosso site usa os chamados plug-ins sociais (\u201cplug-ins\u201d) das redes sociais Facebook, Twitter e LinkedIn. Esses plugins s\u00e3o indicados pelos respectivos logotipos das redes sociais. Ao visitar o site, seu navegador estabelecer\u00e1 uma conex\u00e3o direta com os servidores dessas redes sociais. A rede social transfere o conte\u00fado do plug-in diretamente para o seu navegador e depois o integra ao site. A integra\u00e7\u00e3o de plug-ins permite que as redes sociais recebam as informa\u00e7\u00f5es que voc\u00ea carregou nas p\u00e1ginas correspondentes do site. Por exemplo, se voc\u00ea fizer login com o Facebook, ele poder\u00e1 atribuir sua visita \u00e0 sua conta. Quando voc\u00ea visita nosso site, interagindo ou n\u00e3o com o plug-in, voc\u00ea j\u00e1 trocou essas informa\u00e7\u00f5es. Se voc\u00ea interagir com o plug-in, as informa\u00e7\u00f5es correspondentes ser\u00e3o enviadas diretamente para o Facebook atrav\u00e9s do seu navegador e salvas l\u00e1. Voc\u00ea pode encontrar informa\u00e7\u00f5es sobre como as redes sociais usam dados, bem como seus direitos e configura\u00e7\u00f5es opcionais em sites de redes sociais para proteger sua privacidade. Se voc\u00ea n\u00e3o deseja que as redes sociais coletem dados sobre voc\u00ea atrav\u00e9s do nosso site, voc\u00ea deve fazer login no dom\u00ednio da rede social antes de visitar o site. Para evitar a troca de informa\u00e7\u00f5es com as redes sociais durante a sua visita ao nosso site, voc\u00ea pode desativar os cookies por meio das configura\u00e7\u00f5es do seu navegador e outras ferramentas.<\/p>\n<p>&nbsp;<\/p>\n<ol start=\"8\">\n<li>Como n\u00f3s compartilhamos informa\u00e7\u00e3o?<\/li>\n<\/ol>\n<p>Nossa empresa est\u00e1 empenhada em manter seus dados pessoais confidenciais. Exceto conforme disposto nesta pol\u00edtica de privacidade, n\u00e3o iremos vender, trocar ou alugar seus dados pessoais coletados no site para terceiros. Podemos compartilhar seus dados pessoais de acordo com os seguintes requisitos legais ou permiss\u00f5es:<br \/>\nNo processo de neg\u00f3cios di\u00e1rio, qualquer novo material Anhui Tianfu Co.,Ltd. s\u00f3 pode usar seus dados pessoais para os fins descritos nesta pol\u00edtica de privacidade (por exemplo, para responder \u00e0s suas perguntas sobre nossos produtos e servi\u00e7os);<br \/>\nCom contratados, vendedores e fornecedores que nos prestam servi\u00e7os em nosso nome, como processamento e atendimento de pedidos; an\u00e1lise e armazenamento de dados; assist\u00eancia em marketing direto e distribui\u00e7\u00e3o de e-mails e outras comunica\u00e7\u00f5es; servi\u00e7os de preven\u00e7\u00e3o de fraude; entrega e log\u00edstica; e Completar outras finalidades da cole\u00e7\u00e3o acima;<br \/>\nSe n\u00f3s ou qualquer uma de nossas afiliadas declarar fal\u00eancia ou transfer\u00eancia de propriedade (ou ativos) relacionada \u00e0 reorganiza\u00e7\u00e3o societ\u00e1ria proposta ou completa de qualquer uma de nossas afiliadas, como fus\u00f5es, aquisi\u00e7\u00f5es ou vendas reais ou potenciais de unidades de neg\u00f3cios;<br \/>\nCumprir ordens legais e requisitos governamentais ou dar suporte \u00e0s fun\u00e7\u00f5es de auditoria, conformidade e governan\u00e7a corporativa, conforme necess\u00e1rio;<br \/>\nPara combater fraudes ou atividades criminosas e para proteger nossos direitos ou nossos afiliados, usu\u00e1rios e parceiros de neg\u00f3cios, ou como parte de procedimentos legais que afetam nossa empresa, incluindo a aplica\u00e7\u00e3o de nossos termos e condi\u00e7\u00f5es.<\/p>\n<\/article>","protected":false},"excerpt":{"rendered":"<p>A privacidade e a seguran\u00e7a das suas informa\u00e7\u00f5es s\u00e3o muito importantes para n\u00f3s. Por favor, veja a pol\u00edtica de privacidade completa abaixo para saber mais. Introdu\u00e7\u00e3o Esta pol\u00edtica de privacidade explica como nossa empresa e suas afiliadas coletam e usam suas informa\u00e7\u00f5es. A nossa pol\u00edtica de privacidade aplica-se a todas as pessoas que visitam e utilizam o nosso site, a nossa empresa e online [...]<\/p>","protected":false},"author":1,"featured_media":0,"parent":0,"menu_order":0,"comment_status":"closed","ping_status":"closed","template":"page\/privacy.php","meta":{"footnotes":""},"class_list":["post-11","page","type-page","status-publish","hentry"],"_links":{"self":[{"href":"https:\/\/www.tfcomposite.com\/pt\/wp-json\/wp\/v2\/pages\/11","targetHints":{"allow":["GET"]}}],"collection":[{"href":"https:\/\/www.tfcomposite.com\/pt\/wp-json\/wp\/v2\/pages"}],"about":[{"href":"https:\/\/www.tfcomposite.com\/pt\/wp-json\/wp\/v2\/types\/page"}],"author":[{"embeddable":true,"href":"https:\/\/www.tfcomposite.com\/pt\/wp-json\/wp\/v2\/users\/1"}],"replies":[{"embeddable":true,"href":"https:\/\/www.tfcomposite.com\/pt\/wp-json\/wp\/v2\/comments?post=11"}],"version-history":[{"count":3,"href":"https:\/\/www.tfcomposite.com\/pt\/wp-json\/wp\/v2\/pages\/11\/revisions"}],"predecessor-version":[{"id":507,"href":"https:\/\/www.tfcomposite.com\/pt\/wp-json\/wp\/v2\/pages\/11\/revisions\/507"}],"wp:attachment":[{"href":"https:\/\/www.tfcomposite.com\/pt\/wp-json\/wp\/v2\/media?parent=11"}],"curies":[{"name":"wp","href":"https:\/\/api.w.org\/{rel}","templated":true}]}}